{"id":1224,"date":"2020-06-18T23:44:40","date_gmt":"2020-06-18T23:44:40","guid":{"rendered":"http:\/\/gensagroupapp.azurewebsites.net\/?page_id=1224"},"modified":"2020-10-06T23:34:47","modified_gmt":"2020-10-06T23:34:47","slug":"jobs","status":"publish","type":"page","link":"https:\/\/gensagroupapp.azurewebsites.net\/es\/jobs\/","title":{"rendered":"Trabajos"},"content":{"rendered":"<div data-elementor-type=\"wp-page\" data-elementor-id=\"1224\" class=\"elementor elementor-1224\">\n\t\t\t\t\t\t<div class=\"elementor-inner\">\n\t\t\t\t<div class=\"elementor-section-wrap\">\n\t\t\t\t\t\t\t\t\t<section class=\"elementor-section elementor-top-section elementor-element elementor-element-7bb33fc elementor-section-boxed elementor-section-height-default elementor-section-height-default\" data-id=\"7bb33fc\" data-element_type=\"section\" data-settings=\"{&quot;background_background&quot;:&quot;classic&quot;}\">\n\t\t\t\t\t\t<div class=\"elementor-container elementor-column-gap-default\">\n\t\t\t\t\t\t\t<div class=\"elementor-row\">\n\t\t\t\t\t<div class=\"elementor-column elementor-col-100 elementor-top-column elementor-element elementor-element-38a3da3\" data-id=\"38a3da3\" data-element_type=\"column\">\n\t\t\t<div class=\"elementor-column-wrap\">\n\t\t\t\t\t\t\t<div class=\"elementor-widget-wrap\">\n\t\t\t\t\t\t\t\t<\/div>\n\t\t\t\t\t<\/div>\n\t\t<\/div>\n\t\t\t\t\t\t\t\t<\/div>\n\t\t\t\t\t<\/div>\n\t\t<\/section>\n\t\t\t\t<section class=\"elementor-section elementor-top-section elementor-element elementor-element-5de0e67 elementor-section-boxed elementor-section-height-default elementor-section-height-default\" data-id=\"5de0e67\" data-element_type=\"section\">\n\t\t\t\t\t\t<div class=\"elementor-container elementor-column-gap-default\">\n\t\t\t\t\t\t\t<div class=\"elementor-row\">\n\t\t\t\t\t<div class=\"elementor-column elementor-col-100 elementor-top-column elementor-element elementor-element-5f09950\" data-id=\"5f09950\" data-element_type=\"column\">\n\t\t\t<div class=\"elementor-column-wrap elementor-element-populated\">\n\t\t\t\t\t\t\t<div class=\"elementor-widget-wrap\">\n\t\t\t\t\t\t<div class=\"elementor-element elementor-element-937a9c9 elementor-widget elementor-widget-heading\" data-id=\"937a9c9\" data-element_type=\"widget\" data-widget_type=\"heading.default\">\n\t\t\t\t<div class=\"elementor-widget-container\">\n\t\t\t<h1 class=\"elementor-heading-title elementor-size-default\">\u00danase a nuestro equipo<\/h1>\t\t<\/div>\n\t\t\t\t<\/div>\n\t\t\t\t<div class=\"elementor-element elementor-element-1d2627a elementor-widget-divider--view-line elementor-widget elementor-widget-divider\" data-id=\"1d2627a\" data-element_type=\"widget\" data-widget_type=\"divider.default\">\n\t\t\t\t<div class=\"elementor-widget-container\">\n\t\t\t\t\t<div class=\"elementor-divider\">\n\t\t\t<span class=\"elementor-divider-separator\">\n\t\t\t\t\t\t<\/span>\n\t\t<\/div>\n\t\t\t\t<\/div>\n\t\t\t\t<\/div>\n\t\t\t\t\t\t<\/div>\n\t\t\t\t\t<\/div>\n\t\t<\/div>\n\t\t\t\t\t\t\t\t<\/div>\n\t\t\t\t\t<\/div>\n\t\t<\/section>\n\t\t\t\t<section class=\"elementor-section elementor-top-section elementor-element elementor-element-fd9acb1 elementor-section-boxed elementor-section-height-default elementor-section-height-default\" data-id=\"fd9acb1\" data-element_type=\"section\">\n\t\t\t\t\t\t<div class=\"elementor-container elementor-column-gap-default\">\n\t\t\t\t\t\t\t<div class=\"elementor-row\">\n\t\t\t\t\t<div class=\"elementor-column elementor-col-100 elementor-top-column elementor-element elementor-element-33d686c\" data-id=\"33d686c\" data-element_type=\"column\">\n\t\t\t<div class=\"elementor-column-wrap elementor-element-populated\">\n\t\t\t\t\t\t\t<div class=\"elementor-widget-wrap\">\n\t\t\t\t\t\t<div class=\"elementor-element elementor-element-260edf7 elementor-widget elementor-widget-heading\" data-id=\"260edf7\" data-element_type=\"widget\" data-widget_type=\"heading.default\">\n\t\t\t\t<div class=\"elementor-widget-container\">\n\t\t\t<h3 class=\"elementor-heading-title elementor-size-default\">En Grupo Gensa, desarrollamos e implementamos inteligencia de negocios y soluciones anal\u00edticas avanzadas para nuestros clientes. Somos una empresa de servicios, con amplia experiencia en la implementaci\u00f3n de proyectos de Business Intelligence, orientados a la Planificaci\u00f3n de Ventas y Operaciones con clientes en USA y LATAM.<\/h3>\t\t<\/div>\n\t\t\t\t<\/div>\n\t\t\t\t\t\t<\/div>\n\t\t\t\t\t<\/div>\n\t\t<\/div>\n\t\t\t\t\t\t\t\t<\/div>\n\t\t\t\t\t<\/div>\n\t\t<\/section>\n\t\t\t\t<section class=\"elementor-section elementor-top-section elementor-element elementor-element-0433e40 elementor-section-boxed elementor-section-height-default elementor-section-height-default\" data-id=\"0433e40\" data-element_type=\"section\">\n\t\t\t\t\t\t<div class=\"elementor-container elementor-column-gap-default\">\n\t\t\t\t\t\t\t<div class=\"elementor-row\">\n\t\t\t\t\t<div class=\"elementor-column elementor-col-100 elementor-top-column elementor-element elementor-element-02f6ba1\" data-id=\"02f6ba1\" data-element_type=\"column\">\n\t\t\t<div class=\"elementor-column-wrap elementor-element-populated\">\n\t\t\t\t\t\t\t<div class=\"elementor-widget-wrap\">\n\t\t\t\t\t\t<div class=\"elementor-element elementor-element-572072b elementor-widget elementor-widget-heading\" data-id=\"572072b\" data-element_type=\"widget\" data-widget_type=\"heading.default\">\n\t\t\t\t<div class=\"elementor-widget-container\">\n\t\t\t<h2 class=\"elementor-heading-title elementor-size-default\">Jobs available <\/h2>\t\t<\/div>\n\t\t\t\t<\/div>\n\t\t\t\t\t\t<\/div>\n\t\t\t\t\t<\/div>\n\t\t<\/div>\n\t\t\t\t\t\t\t\t<\/div>\n\t\t\t\t\t<\/div>\n\t\t<\/section>\n\t\t\t\t<section class=\"elementor-section elementor-top-section elementor-element elementor-element-14effe4 elementor-section-boxed elementor-section-height-default elementor-section-height-default\" data-id=\"14effe4\" data-element_type=\"section\">\n\t\t\t\t\t\t<div class=\"elementor-container elementor-column-gap-default\">\n\t\t\t\t\t\t\t<div class=\"elementor-row\">\n\t\t\t\t\t<div class=\"elementor-column elementor-col-100 elementor-top-column elementor-element elementor-element-a52e62e\" data-id=\"a52e62e\" data-element_type=\"column\">\n\t\t\t<div class=\"elementor-column-wrap elementor-element-populated\">\n\t\t\t\t\t\t\t<div class=\"elementor-widget-wrap\">\n\t\t\t\t\t\t<section class=\"elementor-section elementor-inner-section elementor-element elementor-element-8cb4c5d elementor-section-boxed elementor-section-height-default elementor-section-height-default\" data-id=\"8cb4c5d\" data-element_type=\"section\">\n\t\t\t\t\t\t<div class=\"elementor-container elementor-column-gap-default\">\n\t\t\t\t\t\t\t<div class=\"elementor-row\">\n\t\t\t\t\t<div class=\"elementor-column elementor-col-100 elementor-inner-column elementor-element elementor-element-1a38b10\" data-id=\"1a38b10\" data-element_type=\"column\">\n\t\t\t<div class=\"elementor-column-wrap elementor-element-populated\">\n\t\t\t\t\t\t\t<div class=\"elementor-widget-wrap\">\n\t\t\t\t\t\t<div class=\"elementor-element elementor-element-6494002 elementor-widget elementor-widget-text-editor\" data-id=\"6494002\" data-element_type=\"widget\" data-widget_type=\"text-editor.default\">\n\t\t\t\t<div class=\"elementor-widget-container\">\n\t\t\t\t\t\t\t\t<div class=\"elementor-text-editor elementor-clearfix\">\n\t\t\t\t<h5><strong>Data Programmer<\/strong><\/h5><p>Guatemala<\/p>\t\t\t\t\t<\/div>\n\t\t\t\t\t\t<\/div>\n\t\t\t\t<\/div>\n\t\t\t\t<div class=\"elementor-element elementor-element-cafcdd6 elementor-widget elementor-widget-text-editor\" data-id=\"cafcdd6\" data-element_type=\"widget\" data-widget_type=\"text-editor.default\">\n\t\t\t\t<div class=\"elementor-widget-container\">\n\t\t\t\t\t\t\t\t<div class=\"elementor-text-editor elementor-clearfix\">\n\t\t\t\t<p>\u00bfEres apasionado de combinar datos y programaci\u00f3n? Te estamos buscando!<\/p>\n<p>En Gensa Group nos dedicamos a generar valor a nuestro clientes a trav\u00e9s de los datos.&nbsp; Estamos buscando candidatos que cumplan las siguientes calificaciones:<\/p>\n<ul>\n<li><strong>Base de datos:<\/strong>\n<ul>\n<li>Conocimiento de conceptos b\u00e1sicos de base de datos (manejo de tablas, relaciones, llaves primarias, llaves for\u00e1neas, constraints) <strong>(Indispensable)<\/strong><\/li>\n<li>Conocimiento de creaci\u00f3n de consultas b\u00e1sicas T-SQL (Select, Insert, Update, Delete) &nbsp;<strong>(Indispensable)<\/strong><\/li>\n<li>Conocimiento de procedimientos almacenados y funciones de tablas<\/li>\n<\/ul>\n<\/li>\n<li><strong>Programaci\u00f3n<\/strong>:\n<ul>\n<li>Conocimiento general de conceptos de programaci\u00f3n:\n<ul>\n<li>MVC <strong>(Indispensable)<\/strong><\/li>\n<li>Programaci\u00f3n orientada a objetos <strong>(Indispensable)<\/strong><\/li>\n<li>Programaci\u00f3n estructurada <strong>(Indispensable)<\/strong><\/li>\n<li>Clases <strong>(Indispensable)<\/strong><\/li>\n<li>M\u00e9todos y funciones <strong>(Indispensable)<\/strong><\/li>\n<li>Programaci\u00f3n s\u00edncrona y as\u00edncrona<\/li>\n<li>Interfaces<\/li>\n<\/ul>\n<\/li>\n<li>Conocimientos de programaci\u00f3n Web <strong>(Indispensable)<\/strong><\/li>\n<li>Lenguajes de programaci\u00f3n:\n<ul>\n<li>C# .NET <strong>(Indispensable)<\/strong><\/li>\n<li>HTML5 <strong>(Indispensable)<\/strong><\/li>\n<li>JavaScript<\/li>\n<li>Jquery<\/li>\n<li>Ajax<\/li>\n<li>CSS<\/li>\n<li>Bootstrap<\/li>\n<\/ul>\n<\/li>\n<\/ul>\n<\/li>\n<li>El candidato debe de ser estar calificado para trabajar en Guatemala, de manera Presencial.<\/li>\n<li>\n<p><strong>Si este es tu perfil, env\u00eda tus datos de contacto ( y perfil de LinkedIn en el mensaje, para poder agendar una cita para el proceso.&nbsp;<\/strong><\/p>\n<\/li>\n<\/ul>\t\t\t\t\t<\/div>\n\t\t\t\t\t\t<\/div>\n\t\t\t\t<\/div>\n\t\t\t\t\t\t<\/div>\n\t\t\t\t\t<\/div>\n\t\t<\/div>\n\t\t\t\t\t\t\t\t<\/div>\n\t\t\t\t\t<\/div>\n\t\t<\/section>\n\t\t\t\t<div class=\"elementor-element elementor-element-b6e9f83 elementor-align-left elementor-widget elementor-widget-button\" data-id=\"b6e9f83\" data-element_type=\"widget\" data-widget_type=\"button.default\">\n\t\t\t\t<div class=\"elementor-widget-container\">\n\t\t\t\t\t<div class=\"elementor-button-wrapper\">\n\t\t\t<a href=\"https:\/\/www.gensagroup.com\/contact-us\/\" class=\"elementor-button-link elementor-button elementor-size-sm\" role=\"button\">\n\t\t\t\t\t\t<span class=\"elementor-button-content-wrapper\">\n\t\t\t\t\t\t<span class=\"elementor-button-text\">Aplicar aqu\u00ed<\/span>\n\t\t<\/span>\n\t\t\t\t\t<\/a>\n\t\t<\/div>\n\t\t\t\t<\/div>\n\t\t\t\t<\/div>\n\t\t\t\t\t\t<\/div>\n\t\t\t\t\t<\/div>\n\t\t<\/div>\n\t\t\t\t\t\t\t\t<\/div>\n\t\t\t\t\t<\/div>\n\t\t<\/section>\n\t\t\t\t\t\t\t\t\t<\/div>\n\t\t\t<\/div>\n\t\t\t\t\t<\/div>","protected":false},"excerpt":{"rendered":"<p>Join Us At Gensa Group, we develop and implement business intelligence and advanced analytical solutions for our Customers. We are a service-oriented company, with extensive experience implementing Business Intelligence projects, oriented to Sales and Operation Planning with customers in USA and LATAM. Jobs available Data Programmer Guatemala \u00bfEres apasionado de combinar datos y programaci\u00f3n? Te [&hellip;]<\/p>","protected":false},"author":3,"featured_media":0,"parent":0,"menu_order":0,"comment_status":"closed","ping_status":"closed","template":"elementor_header_footer","meta":[],"_links":{"self":[{"href":"https:\/\/gensagroupapp.azurewebsites.net\/es\/wp-json\/wp\/v2\/pages\/1224"}],"collection":[{"href":"https:\/\/gensagroupapp.azurewebsites.net\/es\/wp-json\/wp\/v2\/pages"}],"about":[{"href":"https:\/\/gensagroupapp.azurewebsites.net\/es\/wp-json\/wp\/v2\/types\/page"}],"author":[{"embeddable":true,"href":"https:\/\/gensagroupapp.azurewebsites.net\/es\/wp-json\/wp\/v2\/users\/3"}],"replies":[{"embeddable":true,"href":"https:\/\/gensagroupapp.azurewebsites.net\/es\/wp-json\/wp\/v2\/comments?post=1224"}],"version-history":[{"count":16,"href":"https:\/\/gensagroupapp.azurewebsites.net\/es\/wp-json\/wp\/v2\/pages\/1224\/revisions"}],"predecessor-version":[{"id":2166,"href":"https:\/\/gensagroupapp.azurewebsites.net\/es\/wp-json\/wp\/v2\/pages\/1224\/revisions\/2166"}],"wp:attachment":[{"href":"https:\/\/gensagroupapp.azurewebsites.net\/es\/wp-json\/wp\/v2\/media?parent=1224"}],"curies":[{"name":"wp","href":"https:\/\/api.w.org\/{rel}","templated":true}]}}